{"id":312,"date":"2025-11-03T00:39:32","date_gmt":"2025-11-03T00:39:32","guid":{"rendered":"https:\/\/henerrfm.com\/?post_type=product&#038;p=312"},"modified":"2025-12-04T08:28:55","modified_gmt":"2025-12-04T08:28:55","slug":"hydraulic-decoiler","status":"publish","type":"product","link":"https:\/\/www.henerrfm.com\/pt\/product\/hydraulic-decoiler\/","title":{"rendered":"Desbobinador hidr\u00e1ulico"},"content":{"rendered":"<h5>Vis\u00e3o geral do produto<\/h5>\n<p>O <a href=\"https:\/\/www.henerrfm.com\/pt\/produto\/hydraulic-decoiler\/\">Desbobinador hidr\u00e1ulico<\/a> \u00e9 uma solu\u00e7\u00e3o de manuseio de bobinas de alto desempenho projetada para alimenta\u00e7\u00e3o de materiais suaves e eficientes em uma variedade de tipos de bobinas met\u00e1licas, incluindo a\u00e7o inoxid\u00e1vel, alum\u00ednio e ligas especiais. Constru\u00eddo com controle hidr\u00e1ulico robusto, garante tens\u00e3o est\u00e1vel, desenrolamento preciso e alinhamento consistente da bobina durante a produ\u00e7\u00e3o cont\u00ednua.<\/p>\n<p>Esse <a href=\"https:\/\/en.wikipedia.org\/wiki\/Hydraulics\" target=\"_blank\" rel=\"noopener\">Hidr\u00e1ulico<\/a> O Decoiler pode ser facilmente integrado com sistemas de endireitamento e forma\u00e7\u00e3o de rolos, suportando op\u00e7\u00f5es motorizadas e n\u00e3o motorizadas para atender a diferentes requisitos de processamento Projetado para durabilidade e confiabilidade, aumenta a efici\u00eancia geral da produ\u00e7\u00e3o e fornece uma base s\u00f3lida para linhas automatizadas de conforma\u00e7\u00e3o de metal.<\/p>\n<h5>Par\u00e2metros t\u00e9cnicos<\/h5>\n<table>\n<thead>\n<tr>\n<th><span style=\"font-weight: 400;\">Item<\/span><\/th>\n<th><span style=\"font-weight: 400;\">Detalhes da especifica\u00e7\u00e3o<\/span><\/th>\n<\/tr>\n<\/thead>\n<tbody>\n<tr>\n<td>Capacidade Padr\u00e3o<\/td>\n<td>5T, 8T, 10T, 15T, 20T (m\u00faltiplas op\u00e7\u00f5es)<\/td>\n<\/tr>\n<tr>\n<td>Energia hidr\u00e1ulica<\/td>\n<td>4-5,5 kW<\/td>\n<\/tr>\n<tr>\n<td>Padr\u00e3o El\u00e9trico<\/td>\n<td>380 V 50 Hz 3-fase (personaliz\u00e1vel)<\/td>\n<\/tr>\n<tr>\n<td>Expans\u00e3o Core<\/td>\n<td>\u00d8450-550 mm com forro de borracha<\/td>\n<\/tr>\n<tr>\n<td>Sistema de controle<\/td>\n<td>PLC com componentes Siemens<\/td>\n<\/tr>\n<tr>\n<td>Constru\u00e7\u00e3o Quadro<\/td>\n<td>Soldagem de chapa de a\u00e7o refor\u00e7ada<\/td>\n<\/tr>\n<\/tbody>\n<\/table>\n<h5><\/h5>\n<div style=\"all: initial !important;\"><\/div>\n<div style=\"all: initial !important;\"><\/div>","protected":false},"excerpt":{"rendered":"<p>&nbsp;<\/p>\n<div style=\"all: initial !important;\"><\/div>\n<div style=\"all: initial !important;\"><\/div>","protected":false},"featured_media":2786,"comment_status":"open","ping_status":"closed","template":"","meta":{"_gspb_post_css":""},"product_brand":[],"product_cat":[162,161],"product_tag":[],"class_list":{"0":"post-312","1":"product","2":"type-product","3":"status-publish","4":"has-post-thumbnail","6":"product_cat-decoiler","7":"product_cat-equipment-accessories","9":"first","10":"instock","11":"shipping-taxable","12":"product-type-simple"},"_links":{"self":[{"href":"https:\/\/www.henerrfm.com\/pt\/wp-json\/wp\/v2\/product\/312","targetHints":{"allow":["GET"]}}],"collection":[{"href":"https:\/\/www.henerrfm.com\/pt\/wp-json\/wp\/v2\/product"}],"about":[{"href":"https:\/\/www.henerrfm.com\/pt\/wp-json\/wp\/v2\/types\/product"}],"replies":[{"embeddable":true,"href":"https:\/\/www.henerrfm.com\/pt\/wp-json\/wp\/v2\/comments?post=312"}],"wp:featuredmedia":[{"embeddable":true,"href":"https:\/\/www.henerrfm.com\/pt\/wp-json\/wp\/v2\/media\/2786"}],"wp:attachment":[{"href":"https:\/\/www.henerrfm.com\/pt\/wp-json\/wp\/v2\/media?parent=312"}],"wp:term":[{"taxonomy":"product_brand","embeddable":true,"href":"https:\/\/www.henerrfm.com\/pt\/wp-json\/wp\/v2\/product_brand?post=312"},{"taxonomy":"product_cat","embeddable":true,"href":"https:\/\/www.henerrfm.com\/pt\/wp-json\/wp\/v2\/product_cat?post=312"},{"taxonomy":"product_tag","embeddable":true,"href":"https:\/\/www.henerrfm.com\/pt\/wp-json\/wp\/v2\/product_tag?post=312"}],"curies":[{"name":"wp","href":"https:\/\/api.w.org\/{rel}","templated":true}]}}